{"id":6533,"date":"2024-11-20T04:06:50","date_gmt":"2024-11-20T03:06:50","guid":{"rendered":"https:\/\/kozera.printsoft.cloud\/?page_id=6533"},"modified":"2024-12-03T14:19:48","modified_gmt":"2024-12-03T13:19:48","slug":"apartament-szczesliwa-13-stka","status":"publish","type":"page","link":"https:\/\/wubocy.pl\/index.php\/apartament-szczesliwa-13-stka\/","title":{"rendered":"Apartament Szcz\u0119\u015bliwa 13-stka"},"content":{"rendered":"\t\t<div data-elementor-type=\"wp-page\" data-elementor-id=\"6533\" class=\"elementor elementor-6533\" data-elementor-post-type=\"page\">\n\t\t\t\t\t\t<section class=\"elementor-section elementor-top-section elementor-element elementor-element-32351d8 elementor-section-full_width elementor-section-height-default elementor-section-height-default\" data-id=\"32351d8\" data-element_type=\"section\">\n\t\t\t\t\t\t<div class=\"elementor-container elementor-column-gap-no\">\n\t\t\t\t\t<div class=\"elementor-column elementor-col-100 elementor-top-column elementor-element elementor-element-cebfbf7\" data-id=\"cebfbf7\" data-element_type=\"column\">\n\t\t\t<div class=\"elementor-widget-wrap\">\n\t\t\t\t\t\t\t<\/div>\n\t\t<\/div>\n\t\t\t\t\t<\/div>\n\t\t<\/section>\n\t\t\t\t<section class=\"elementor-section elementor-top-section elementor-element elementor-element-3fb878f elementor-section-boxed elementor-section-height-default elementor-section-height-default\" data-id=\"3fb878f\" data-element_type=\"section\" data-settings=\"{&quot;background_background&quot;:&quot;classic&quot;}\">\n\t\t\t\t\t\t<div class=\"elementor-container elementor-column-gap-default\">\n\t\t\t\t\t<div class=\"elementor-column elementor-col-100 elementor-top-column elementor-element elementor-element-5e02063\" data-id=\"5e02063\" data-element_type=\"column\">\n\t\t\t<div class=\"elementor-widget-wrap elementor-element-populated\">\n\t\t\t\t\t\t<section class=\"elementor-section elementor-inner-section elementor-element elementor-element-5b0ef51 elementor-section-boxed elementor-section-height-default elementor-section-height-default\" data-id=\"5b0ef51\" data-element_type=\"section\">\n\t\t\t\t\t\t<div class=\"elementor-container elementor-column-gap-default\">\n\t\t\t\t\t<div class=\"elementor-column elementor-col-50 elementor-inner-column elementor-element elementor-element-cd00d29\" data-id=\"cd00d29\" data-element_type=\"column\">\n\t\t\t<div class=\"elementor-widget-wrap elementor-element-populated\">\n\t\t\t\t\t\t<div class=\"elementor-element elementor-element-d48de2e elementor-widget elementor-widget-sectiontitle\" data-id=\"d48de2e\" data-element_type=\"widget\" data-widget_type=\"sectiontitle.default\">\n\t\t\t\t<div class=\"elementor-widget-container\">\n\t\t\t\r\n\t\t\t\t<div class=\"\">\r\n\r\n\t\t\t<div class=\"section-title t_left\">\r\n                 \r\n                        <h5>Zatrzymaj si\u0119 na chwil\u0119 i poznaj <span><\/span><\/h5>\r\n                \r\n\t\t\t\t\t\t\t\t\r\n\t\t\t\t  \r\n                       <h3>Apartament Szcz\u0119\u015bliwa 13-tka<\/h3>\r\n                \t\t\t\t\r\n\t\t\t\t \t\t\t\t\r\n                \t\t\t\t\r\n\r\n\t\t\t\t\r\n\t\t\t<\/div>\t\r\n\r\n\t\t<\/div>\r\n\r\n\t\t\r\n\t\t\t\t<\/div>\n\t\t\t\t<\/div>\n\t\t\t\t\t<\/div>\n\t\t<\/div>\n\t\t\t\t<div class=\"elementor-column elementor-col-50 elementor-inner-column elementor-element elementor-element-0e7410e\" data-id=\"0e7410e\" data-element_type=\"column\">\n\t\t\t<div class=\"elementor-widget-wrap\">\n\t\t\t\t\t\t\t<\/div>\n\t\t<\/div>\n\t\t\t\t\t<\/div>\n\t\t<\/section>\n\t\t\t\t<div class=\"elementor-element elementor-element-674ed25 elementor-widget elementor-widget-text-editor\" data-id=\"674ed25\" data-element_type=\"widget\" data-widget_type=\"text-editor.default\">\n\t\t\t\t<div class=\"elementor-widget-container\">\n\t\t\t\t\t\t\t<p>\u00a0\u00a0 Apartament Szcz\u0119\u015bliwa 13-tka jest dost\u0119pny dla 1 \u2013 4 Go\u015bci.<\/p><p>13-tka powszechnie uwa\u017cana za nieszcz\u0119\u015bliw\u0105 liczb\u0119 . Nie u nas! Idealna baza noclegowa dla par na<br \/>romantyczne wyjazdy. Z pewno\u015bci\u0105 docenisz przestronn\u0105 przestrze\u0144 z bezpo\u015brednim wyj\u015bciem do naszego<br \/>ogrodu, z kt\u00f3rego rozci\u0105ga si\u0119 widok na ca\u0142e Tatry. Apartament polecany r\u00f3wnie\u017c dla rodzin z dzie\u0107mi. Nasz<br \/>bogato wyposa\u017cony aneks kuchenny pozwoli Ci przygotowa\u0107 posi\u0142ki, podczas gdy Twoje pociechy b\u0119d\u0105 za\u017cywa\u0107<br \/>zabawy w piaskownicy. Lokal z prywatn\u0105 \u0142azienk\u0105, w kt\u00f3rej znajdziesz du\u017cy prysznic.<\/p>\t\t\t\t\t\t<\/div>\n\t\t\t\t<\/div>\n\t\t\t\t<div class=\"elementor-element elementor-element-8fa71c4 elementor-widget elementor-widget-spacer\" data-id=\"8fa71c4\" data-element_type=\"widget\" data-widget_type=\"spacer.default\">\n\t\t\t\t<div class=\"elementor-widget-container\">\n\t\t\t\t\t<div class=\"elementor-spacer\">\n\t\t\t<div class=\"elementor-spacer-inner\"><\/div>\n\t\t<\/div>\n\t\t\t\t<\/div>\n\t\t\t\t<\/div>\n\t\t\t\t<div class=\"elementor-element elementor-element-e67abb8 elementor-widget elementor-widget-gallery\" data-id=\"e67abb8\" data-element_type=\"widget\" data-settings=\"{&quot;columns&quot;:3,&quot;lazyload&quot;:&quot;yes&quot;,&quot;gallery_layout&quot;:&quot;grid&quot;,&quot;columns_tablet&quot;:2,&quot;columns_mobile&quot;:1,&quot;gap&quot;:{&quot;unit&quot;:&quot;px&quot;,&quot;size&quot;:10,&quot;sizes&quot;:[]},&quot;gap_tablet&quot;:{&quot;unit&quot;:&quot;px&quot;,&quot;size&quot;:10,&quot;sizes&quot;:[]},&quot;gap_mobile&quot;:{&quot;unit&quot;:&quot;px&quot;,&quot;size&quot;:10,&quot;sizes&quot;:[]},&quot;link_to&quot;:&quot;file&quot;,&quot;aspect_ratio&quot;:&quot;3:2&quot;,&quot;overlay_background&quot;:&quot;yes&quot;,&quot;content_hover_animation&quot;:&quot;fade-in&quot;}\" data-widget_type=\"gallery.default\">\n\t\t\t\t<div class=\"elementor-widget-container\">\n\t\t\t\t\t<div class=\"elementor-gallery__container\">\n\t\t\t\t\t\t\t<a class=\"e-gallery-item elementor-gallery-item elementor-animated-content\" href=\"https:\/\/wubocy.pl\/wp-content\/uploads\/2024\/11\/small_DSC01889.jpg\" data-elementor-open-lightbox=\"yes\" data-elementor-lightbox-slideshow=\"e67abb8\" data-elementor-lightbox-title=\"small_DSC01889\" data-e-action-hash=\"#elementor-action%3Aaction%3Dlightbox%26settings%3DeyJpZCI6NjUzNSwidXJsIjoiaHR0cHM6XC9cL3d1Ym9jeS5wbFwvd3AtY29udGVudFwvdXBsb2Fkc1wvMjAyNFwvMTFcL3NtYWxsX0RTQzAxODg5LmpwZyIsInNsaWRlc2hvdyI6ImU2N2FiYjgifQ%3D%3D\">\n\t\t\t\t\t<div class=\"e-gallery-image elementor-gallery-item__image\" data-thumbnail=\"https:\/\/wubocy.pl\/wp-content\/uploads\/2024\/11\/small_DSC01889-683x600.jpg\" data-width=\"683\" data-height=\"600\" aria-label=\"\" role=\"img\" ><\/div>\n\t\t\t\t\t\t\t\t\t\t\t<div class=\"elementor-gallery-item__overlay\"><\/div>\n\t\t\t\t\t\t\t\t\t\t\t\t\t\t<\/a>\n\t\t\t\t\t\t\t<a class=\"e-gallery-item elementor-gallery-item elementor-animated-content\" href=\"https:\/\/wubocy.pl\/wp-content\/uploads\/2024\/11\/small_DSC01896.jpg\" data-elementor-open-lightbox=\"yes\" data-elementor-lightbox-slideshow=\"e67abb8\" data-elementor-lightbox-title=\"small_DSC01896\" data-e-action-hash=\"#elementor-action%3Aaction%3Dlightbox%26settings%3DeyJpZCI6NjUzNiwidXJsIjoiaHR0cHM6XC9cL3d1Ym9jeS5wbFwvd3AtY29udGVudFwvdXBsb2Fkc1wvMjAyNFwvMTFcL3NtYWxsX0RTQzAxODk2LmpwZyIsInNsaWRlc2hvdyI6ImU2N2FiYjgifQ%3D%3D\">\n\t\t\t\t\t<div class=\"e-gallery-image elementor-gallery-item__image\" data-thumbnail=\"https:\/\/wubocy.pl\/wp-content\/uploads\/2024\/11\/small_DSC01896-1024x600.jpg\" data-width=\"1024\" data-height=\"600\" aria-label=\"\" role=\"img\" ><\/div>\n\t\t\t\t\t\t\t\t\t\t\t<div class=\"elementor-gallery-item__overlay\"><\/div>\n\t\t\t\t\t\t\t\t\t\t\t\t\t\t<\/a>\n\t\t\t\t\t\t\t<a class=\"e-gallery-item elementor-gallery-item elementor-animated-content\" href=\"https:\/\/wubocy.pl\/wp-content\/uploads\/2024\/11\/small_DSC01903.jpg\" data-elementor-open-lightbox=\"yes\" data-elementor-lightbox-slideshow=\"e67abb8\" data-elementor-lightbox-title=\"small_DSC01903\" data-e-action-hash=\"#elementor-action%3Aaction%3Dlightbox%26settings%3DeyJpZCI6NjUzNywidXJsIjoiaHR0cHM6XC9cL3d1Ym9jeS5wbFwvd3AtY29udGVudFwvdXBsb2Fkc1wvMjAyNFwvMTFcL3NtYWxsX0RTQzAxOTAzLmpwZyIsInNsaWRlc2hvdyI6ImU2N2FiYjgifQ%3D%3D\">\n\t\t\t\t\t<div class=\"e-gallery-image elementor-gallery-item__image\" data-thumbnail=\"https:\/\/wubocy.pl\/wp-content\/uploads\/2024\/11\/small_DSC01903-683x600.jpg\" data-width=\"683\" data-height=\"600\" aria-label=\"\" role=\"img\" ><\/div>\n\t\t\t\t\t\t\t\t\t\t\t<div class=\"elementor-gallery-item__overlay\"><\/div>\n\t\t\t\t\t\t\t\t\t\t\t\t\t\t<\/a>\n\t\t\t\t\t\t\t<a class=\"e-gallery-item elementor-gallery-item elementor-animated-content\" href=\"https:\/\/wubocy.pl\/wp-content\/uploads\/2024\/11\/small_DSC09045.jpg\" data-elementor-open-lightbox=\"yes\" data-elementor-lightbox-slideshow=\"e67abb8\" data-elementor-lightbox-title=\"small_DSC09045\" data-e-action-hash=\"#elementor-action%3Aaction%3Dlightbox%26settings%3DeyJpZCI6NjUzOSwidXJsIjoiaHR0cHM6XC9cL3d1Ym9jeS5wbFwvd3AtY29udGVudFwvdXBsb2Fkc1wvMjAyNFwvMTFcL3NtYWxsX0RTQzA5MDQ1LmpwZyIsInNsaWRlc2hvdyI6ImU2N2FiYjgifQ%3D%3D\">\n\t\t\t\t\t<div class=\"e-gallery-image elementor-gallery-item__image\" data-thumbnail=\"https:\/\/wubocy.pl\/wp-content\/uploads\/2024\/11\/small_DSC09045-683x600.jpg\" data-width=\"683\" data-height=\"600\" aria-label=\"\" role=\"img\" ><\/div>\n\t\t\t\t\t\t\t\t\t\t\t<div class=\"elementor-gallery-item__overlay\"><\/div>\n\t\t\t\t\t\t\t\t\t\t\t\t\t\t<\/a>\n\t\t\t\t\t\t\t<a class=\"e-gallery-item elementor-gallery-item elementor-animated-content\" href=\"https:\/\/wubocy.pl\/wp-content\/uploads\/2024\/11\/small_DSC09054.jpg\" data-elementor-open-lightbox=\"yes\" data-elementor-lightbox-slideshow=\"e67abb8\" data-elementor-lightbox-title=\"small_DSC09054\" data-e-action-hash=\"#elementor-action%3Aaction%3Dlightbox%26settings%3DeyJpZCI6NjU0MCwidXJsIjoiaHR0cHM6XC9cL3d1Ym9jeS5wbFwvd3AtY29udGVudFwvdXBsb2Fkc1wvMjAyNFwvMTFcL3NtYWxsX0RTQzA5MDU0LmpwZyIsInNsaWRlc2hvdyI6ImU2N2FiYjgifQ%3D%3D\">\n\t\t\t\t\t<div class=\"e-gallery-image elementor-gallery-item__image\" data-thumbnail=\"https:\/\/wubocy.pl\/wp-content\/uploads\/2024\/11\/small_DSC09054-683x600.jpg\" data-width=\"683\" data-height=\"600\" aria-label=\"\" role=\"img\" ><\/div>\n\t\t\t\t\t\t\t\t\t\t\t<div class=\"elementor-gallery-item__overlay\"><\/div>\n\t\t\t\t\t\t\t\t\t\t\t\t\t\t<\/a>\n\t\t\t\t\t\t\t<a class=\"e-gallery-item elementor-gallery-item elementor-animated-content\" href=\"https:\/\/wubocy.pl\/wp-content\/uploads\/2024\/11\/small_DSC09061.jpg\" data-elementor-open-lightbox=\"yes\" data-elementor-lightbox-slideshow=\"e67abb8\" data-elementor-lightbox-title=\"small_DSC09061\" data-e-action-hash=\"#elementor-action%3Aaction%3Dlightbox%26settings%3DeyJpZCI6NjU0MSwidXJsIjoiaHR0cHM6XC9cL3d1Ym9jeS5wbFwvd3AtY29udGVudFwvdXBsb2Fkc1wvMjAyNFwvMTFcL3NtYWxsX0RTQzA5MDYxLmpwZyIsInNsaWRlc2hvdyI6ImU2N2FiYjgifQ%3D%3D\">\n\t\t\t\t\t<div class=\"e-gallery-image elementor-gallery-item__image\" data-thumbnail=\"https:\/\/wubocy.pl\/wp-content\/uploads\/2024\/11\/small_DSC09061-1024x600.jpg\" data-width=\"1024\" data-height=\"600\" aria-label=\"\" role=\"img\" ><\/div>\n\t\t\t\t\t\t\t\t\t\t\t<div class=\"elementor-gallery-item__overlay\"><\/div>\n\t\t\t\t\t\t\t\t\t\t\t\t\t\t<\/a>\n\t\t\t\t\t\t\t<a class=\"e-gallery-item elementor-gallery-item elementor-animated-content\" href=\"https:\/\/wubocy.pl\/wp-content\/uploads\/2024\/11\/small_DSC09071.jpg\" data-elementor-open-lightbox=\"yes\" data-elementor-lightbox-slideshow=\"e67abb8\" data-elementor-lightbox-title=\"small_DSC09071\" data-e-action-hash=\"#elementor-action%3Aaction%3Dlightbox%26settings%3DeyJpZCI6NjU0MiwidXJsIjoiaHR0cHM6XC9cL3d1Ym9jeS5wbFwvd3AtY29udGVudFwvdXBsb2Fkc1wvMjAyNFwvMTFcL3NtYWxsX0RTQzA5MDcxLmpwZyIsInNsaWRlc2hvdyI6ImU2N2FiYjgifQ%3D%3D\">\n\t\t\t\t\t<div class=\"e-gallery-image elementor-gallery-item__image\" data-thumbnail=\"https:\/\/wubocy.pl\/wp-content\/uploads\/2024\/11\/small_DSC09071-1024x600.jpg\" data-width=\"1024\" data-height=\"600\" aria-label=\"\" role=\"img\" ><\/div>\n\t\t\t\t\t\t\t\t\t\t\t<div class=\"elementor-gallery-item__overlay\"><\/div>\n\t\t\t\t\t\t\t\t\t\t\t\t\t\t<\/a>\n\t\t\t\t\t\t\t<a class=\"e-gallery-item elementor-gallery-item elementor-animated-content\" href=\"https:\/\/wubocy.pl\/wp-content\/uploads\/2024\/11\/small_DSC08598.jpg\" data-elementor-open-lightbox=\"yes\" data-elementor-lightbox-slideshow=\"e67abb8\" data-elementor-lightbox-title=\"small_DSC08598\" data-e-action-hash=\"#elementor-action%3Aaction%3Dlightbox%26settings%3DeyJpZCI6NjU0MywidXJsIjoiaHR0cHM6XC9cL3d1Ym9jeS5wbFwvd3AtY29udGVudFwvdXBsb2Fkc1wvMjAyNFwvMTFcL3NtYWxsX0RTQzA4NTk4LmpwZyIsInNsaWRlc2hvdyI6ImU2N2FiYjgifQ%3D%3D\">\n\t\t\t\t\t<div class=\"e-gallery-image elementor-gallery-item__image\" data-thumbnail=\"https:\/\/wubocy.pl\/wp-content\/uploads\/2024\/11\/small_DSC08598-1024x600.jpg\" data-width=\"1024\" data-height=\"600\" aria-label=\"\" role=\"img\" ><\/div>\n\t\t\t\t\t\t\t\t\t\t\t<div class=\"elementor-gallery-item__overlay\"><\/div>\n\t\t\t\t\t\t\t\t\t\t\t\t\t\t<\/a>\n\t\t\t\t\t\t\t<a class=\"e-gallery-item elementor-gallery-item elementor-animated-content\" href=\"https:\/\/wubocy.pl\/wp-content\/uploads\/2024\/11\/small_DSC08613.jpg\" data-elementor-open-lightbox=\"yes\" data-elementor-lightbox-slideshow=\"e67abb8\" data-elementor-lightbox-title=\"small_DSC08613\" data-e-action-hash=\"#elementor-action%3Aaction%3Dlightbox%26settings%3DeyJpZCI6NjU0NCwidXJsIjoiaHR0cHM6XC9cL3d1Ym9jeS5wbFwvd3AtY29udGVudFwvdXBsb2Fkc1wvMjAyNFwvMTFcL3NtYWxsX0RTQzA4NjEzLmpwZyIsInNsaWRlc2hvdyI6ImU2N2FiYjgifQ%3D%3D\">\n\t\t\t\t\t<div class=\"e-gallery-image elementor-gallery-item__image\" data-thumbnail=\"https:\/\/wubocy.pl\/wp-content\/uploads\/2024\/11\/small_DSC08613-1024x600.jpg\" data-width=\"1024\" data-height=\"600\" aria-label=\"\" role=\"img\" ><\/div>\n\t\t\t\t\t\t\t\t\t\t\t<div class=\"elementor-gallery-item__overlay\"><\/div>\n\t\t\t\t\t\t\t\t\t\t\t\t\t\t<\/a>\n\t\t\t\t\t\t\t<a class=\"e-gallery-item elementor-gallery-item elementor-animated-content\" href=\"https:\/\/wubocy.pl\/wp-content\/uploads\/2024\/11\/small_DSC08622.jpg\" data-elementor-open-lightbox=\"yes\" data-elementor-lightbox-slideshow=\"e67abb8\" data-elementor-lightbox-title=\"small_DSC08622\" data-e-action-hash=\"#elementor-action%3Aaction%3Dlightbox%26settings%3DeyJpZCI6NjU0NSwidXJsIjoiaHR0cHM6XC9cL3d1Ym9jeS5wbFwvd3AtY29udGVudFwvdXBsb2Fkc1wvMjAyNFwvMTFcL3NtYWxsX0RTQzA4NjIyLmpwZyIsInNsaWRlc2hvdyI6ImU2N2FiYjgifQ%3D%3D\">\n\t\t\t\t\t<div class=\"e-gallery-image elementor-gallery-item__image\" data-thumbnail=\"https:\/\/wubocy.pl\/wp-content\/uploads\/2024\/11\/small_DSC08622-1024x600.jpg\" data-width=\"1024\" data-height=\"600\" aria-label=\"\" role=\"img\" ><\/div>\n\t\t\t\t\t\t\t\t\t\t\t<div class=\"elementor-gallery-item__overlay\"><\/div>\n\t\t\t\t\t\t\t\t\t\t\t\t\t\t<\/a>\n\t\t\t\t\t\t\t<a class=\"e-gallery-item elementor-gallery-item elementor-animated-content\" href=\"https:\/\/wubocy.pl\/wp-content\/uploads\/2024\/11\/small_DSC08646.jpg\" data-elementor-open-lightbox=\"yes\" data-elementor-lightbox-slideshow=\"e67abb8\" data-elementor-lightbox-title=\"small_DSC08646\" data-e-action-hash=\"#elementor-action%3Aaction%3Dlightbox%26settings%3DeyJpZCI6NjU0NiwidXJsIjoiaHR0cHM6XC9cL3d1Ym9jeS5wbFwvd3AtY29udGVudFwvdXBsb2Fkc1wvMjAyNFwvMTFcL3NtYWxsX0RTQzA4NjQ2LmpwZyIsInNsaWRlc2hvdyI6ImU2N2FiYjgifQ%3D%3D\">\n\t\t\t\t\t<div class=\"e-gallery-image elementor-gallery-item__image\" data-thumbnail=\"https:\/\/wubocy.pl\/wp-content\/uploads\/2024\/11\/small_DSC08646-1024x600.jpg\" data-width=\"1024\" data-height=\"600\" aria-label=\"\" role=\"img\" ><\/div>\n\t\t\t\t\t\t\t\t\t\t\t<div class=\"elementor-gallery-item__overlay\"><\/div>\n\t\t\t\t\t\t\t\t\t\t\t\t\t\t<\/a>\n\t\t\t\t\t\t\t<a class=\"e-gallery-item elementor-gallery-item elementor-animated-content\" href=\"https:\/\/wubocy.pl\/wp-content\/uploads\/2024\/11\/small_DSC08677.jpg\" data-elementor-open-lightbox=\"yes\" data-elementor-lightbox-slideshow=\"e67abb8\" data-elementor-lightbox-title=\"small_DSC08677\" data-e-action-hash=\"#elementor-action%3Aaction%3Dlightbox%26settings%3DeyJpZCI6NjU0NywidXJsIjoiaHR0cHM6XC9cL3d1Ym9jeS5wbFwvd3AtY29udGVudFwvdXBsb2Fkc1wvMjAyNFwvMTFcL3NtYWxsX0RTQzA4Njc3LmpwZyIsInNsaWRlc2hvdyI6ImU2N2FiYjgifQ%3D%3D\">\n\t\t\t\t\t<div class=\"e-gallery-image elementor-gallery-item__image\" data-thumbnail=\"https:\/\/wubocy.pl\/wp-content\/uploads\/2024\/11\/small_DSC08677-1024x600.jpg\" data-width=\"1024\" data-height=\"600\" aria-label=\"\" role=\"img\" ><\/div>\n\t\t\t\t\t\t\t\t\t\t\t<div class=\"elementor-gallery-item__overlay\"><\/div>\n\t\t\t\t\t\t\t\t\t\t\t\t\t\t<\/a>\n\t\t\t\t\t\t\t<a class=\"e-gallery-item elementor-gallery-item elementor-animated-content\" href=\"https:\/\/wubocy.pl\/wp-content\/uploads\/2024\/11\/small_DSC08705.jpg\" data-elementor-open-lightbox=\"yes\" data-elementor-lightbox-slideshow=\"e67abb8\" data-elementor-lightbox-title=\"small_DSC08705\" data-e-action-hash=\"#elementor-action%3Aaction%3Dlightbox%26settings%3DeyJpZCI6NjU0OCwidXJsIjoiaHR0cHM6XC9cL3d1Ym9jeS5wbFwvd3AtY29udGVudFwvdXBsb2Fkc1wvMjAyNFwvMTFcL3NtYWxsX0RTQzA4NzA1LmpwZyIsInNsaWRlc2hvdyI6ImU2N2FiYjgifQ%3D%3D\">\n\t\t\t\t\t<div class=\"e-gallery-image elementor-gallery-item__image\" data-thumbnail=\"https:\/\/wubocy.pl\/wp-content\/uploads\/2024\/11\/small_DSC08705-1024x600.jpg\" data-width=\"1024\" data-height=\"600\" aria-label=\"\" role=\"img\" ><\/div>\n\t\t\t\t\t\t\t\t\t\t\t<div class=\"elementor-gallery-item__overlay\"><\/div>\n\t\t\t\t\t\t\t\t\t\t\t\t\t\t<\/a>\n\t\t\t\t\t\t\t<a class=\"e-gallery-item elementor-gallery-item elementor-animated-content\" href=\"https:\/\/wubocy.pl\/wp-content\/uploads\/2024\/11\/small_DSC08714.jpg\" data-elementor-open-lightbox=\"yes\" data-elementor-lightbox-slideshow=\"e67abb8\" data-elementor-lightbox-title=\"small_DSC08714\" data-e-action-hash=\"#elementor-action%3Aaction%3Dlightbox%26settings%3DeyJpZCI6NjU0OSwidXJsIjoiaHR0cHM6XC9cL3d1Ym9jeS5wbFwvd3AtY29udGVudFwvdXBsb2Fkc1wvMjAyNFwvMTFcL3NtYWxsX0RTQzA4NzE0LmpwZyIsInNsaWRlc2hvdyI6ImU2N2FiYjgifQ%3D%3D\">\n\t\t\t\t\t<div class=\"e-gallery-image elementor-gallery-item__image\" data-thumbnail=\"https:\/\/wubocy.pl\/wp-content\/uploads\/2024\/11\/small_DSC08714-1024x600.jpg\" data-width=\"1024\" data-height=\"600\" aria-label=\"\" role=\"img\" ><\/div>\n\t\t\t\t\t\t\t\t\t\t\t<div class=\"elementor-gallery-item__overlay\"><\/div>\n\t\t\t\t\t\t\t\t\t\t\t\t\t\t<\/a>\n\t\t\t\t\t\t\t<a class=\"e-gallery-item elementor-gallery-item elementor-animated-content\" href=\"https:\/\/wubocy.pl\/wp-content\/uploads\/2024\/11\/small_DSC08729.jpg\" data-elementor-open-lightbox=\"yes\" data-elementor-lightbox-slideshow=\"e67abb8\" data-elementor-lightbox-title=\"small_DSC08729\" data-e-action-hash=\"#elementor-action%3Aaction%3Dlightbox%26settings%3DeyJpZCI6NjU1MCwidXJsIjoiaHR0cHM6XC9cL3d1Ym9jeS5wbFwvd3AtY29udGVudFwvdXBsb2Fkc1wvMjAyNFwvMTFcL3NtYWxsX0RTQzA4NzI5LmpwZyIsInNsaWRlc2hvdyI6ImU2N2FiYjgifQ%3D%3D\">\n\t\t\t\t\t<div class=\"e-gallery-image elementor-gallery-item__image\" data-thumbnail=\"https:\/\/wubocy.pl\/wp-content\/uploads\/2024\/11\/small_DSC08729-1024x600.jpg\" data-width=\"1024\" data-height=\"600\" aria-label=\"\" role=\"img\" ><\/div>\n\t\t\t\t\t\t\t\t\t\t\t<div class=\"elementor-gallery-item__overlay\"><\/div>\n\t\t\t\t\t\t\t\t\t\t\t\t\t\t<\/a>\n\t\t\t\t\t\t\t<a class=\"e-gallery-item elementor-gallery-item elementor-animated-content\" href=\"https:\/\/wubocy.pl\/wp-content\/uploads\/2024\/11\/small_DSC08745.jpg\" data-elementor-open-lightbox=\"yes\" data-elementor-lightbox-slideshow=\"e67abb8\" data-elementor-lightbox-title=\"small_DSC08745\" data-e-action-hash=\"#elementor-action%3Aaction%3Dlightbox%26settings%3DeyJpZCI6NjU1MSwidXJsIjoiaHR0cHM6XC9cL3d1Ym9jeS5wbFwvd3AtY29udGVudFwvdXBsb2Fkc1wvMjAyNFwvMTFcL3NtYWxsX0RTQzA4NzQ1LmpwZyIsInNsaWRlc2hvdyI6ImU2N2FiYjgifQ%3D%3D\">\n\t\t\t\t\t<div class=\"e-gallery-image elementor-gallery-item__image\" data-thumbnail=\"https:\/\/wubocy.pl\/wp-content\/uploads\/2024\/11\/small_DSC08745-1024x600.jpg\" data-width=\"1024\" data-height=\"600\" aria-label=\"\" role=\"img\" ><\/div>\n\t\t\t\t\t\t\t\t\t\t\t<div class=\"elementor-gallery-item__overlay\"><\/div>\n\t\t\t\t\t\t\t\t\t\t\t\t\t\t<\/a>\n\t\t\t\t\t\t\t<a class=\"e-gallery-item elementor-gallery-item elementor-animated-content\" href=\"https:\/\/wubocy.pl\/wp-content\/uploads\/2024\/11\/small_DSC08765.jpg\" data-elementor-open-lightbox=\"yes\" data-elementor-lightbox-slideshow=\"e67abb8\" data-elementor-lightbox-title=\"small_DSC08765\" data-e-action-hash=\"#elementor-action%3Aaction%3Dlightbox%26settings%3DeyJpZCI6NjU1MywidXJsIjoiaHR0cHM6XC9cL3d1Ym9jeS5wbFwvd3AtY29udGVudFwvdXBsb2Fkc1wvMjAyNFwvMTFcL3NtYWxsX0RTQzA4NzY1LmpwZyIsInNsaWRlc2hvdyI6ImU2N2FiYjgifQ%3D%3D\">\n\t\t\t\t\t<div class=\"e-gallery-image elementor-gallery-item__image\" data-thumbnail=\"https:\/\/wubocy.pl\/wp-content\/uploads\/2024\/11\/small_DSC08765-1024x600.jpg\" data-width=\"1024\" data-height=\"600\" aria-label=\"\" role=\"img\" ><\/div>\n\t\t\t\t\t\t\t\t\t\t\t<div class=\"elementor-gallery-item__overlay\"><\/div>\n\t\t\t\t\t\t\t\t\t\t\t\t\t\t<\/a>\n\t\t\t\t\t\t\t<a class=\"e-gallery-item elementor-gallery-item elementor-animated-content\" href=\"https:\/\/wubocy.pl\/wp-content\/uploads\/2024\/11\/small_DSC08772.jpg\" data-elementor-open-lightbox=\"yes\" data-elementor-lightbox-slideshow=\"e67abb8\" data-elementor-lightbox-title=\"small_DSC08772\" data-e-action-hash=\"#elementor-action%3Aaction%3Dlightbox%26settings%3DeyJpZCI6NjU1NCwidXJsIjoiaHR0cHM6XC9cL3d1Ym9jeS5wbFwvd3AtY29udGVudFwvdXBsb2Fkc1wvMjAyNFwvMTFcL3NtYWxsX0RTQzA4NzcyLmpwZyIsInNsaWRlc2hvdyI6ImU2N2FiYjgifQ%3D%3D\">\n\t\t\t\t\t<div class=\"e-gallery-image elementor-gallery-item__image\" data-thumbnail=\"https:\/\/wubocy.pl\/wp-content\/uploads\/2024\/11\/small_DSC08772-1024x600.jpg\" data-width=\"1024\" data-height=\"600\" aria-label=\"\" role=\"img\" ><\/div>\n\t\t\t\t\t\t\t\t\t\t\t<div class=\"elementor-gallery-item__overlay\"><\/div>\n\t\t\t\t\t\t\t\t\t\t\t\t\t\t<\/a>\n\t\t\t\t\t<\/div>\n\t\t\t<\/div>\n\t\t\t\t<\/div>\n\t\t\t\t\t<\/div>\n\t\t<\/div>\n\t\t\t\t\t<\/div>\n\t\t<\/section>\n\t\t<div class=\"elementor-element elementor-element-77f7084 e-flex e-con-boxed e-con e-parent\" data-id=\"77f7084\" data-element_type=\"container\">\n\t\t\t\t\t<div class=\"e-con-inner\">\n\t\t\t\t<div class=\"elementor-element elementor-element-929692d elementor-widget elementor-widget-heading\" data-id=\"929692d\" data-element_type=\"widget\" data-widget_type=\"heading.default\">\n\t\t\t\t<div class=\"elementor-widget-container\">\n\t\t\t<h2 class=\"elementor-heading-title elementor-size-default\">Rezerwuj ju\u017c teraz!<\/h2>\t\t<\/div>\n\t\t\t\t<\/div>\n\t\t\t\t<div class=\"elementor-element elementor-element-84e46bd elementor-widget elementor-widget-html\" data-id=\"84e46bd\" data-element_type=\"widget\" data-widget_type=\"html.default\">\n\t\t\t\t<div class=\"elementor-widget-container\">\n\t\t\t<script src=\"https:\/\/panel.hotres.pl\/public\/api\/hotres_v4_chooser.js\"><\/script> \n<form action=\"https:\/\/panel.hotres.pl\/v4_step1\" target=\"_blank\" class=\"hotresChooser\" id=\"hotresChooser\" method=\"get\">\n<input type=\"hidden\" name=\"oid\" id=\"hotresOid\" value=\"2814\" \/>\n<input type=\"hidden\" name=\"lang\" id=\"hotresLang\" value=\"\" \/> \n<input type=\"hidden\" name=\"arrival\" id=\"hotresArrival\" \/>\n<input type=\"hidden\" name=\"departure\" id=\"hotresDeparture\" \/>\n\n<div class=\"hotresRangeChooser\" id=\"hotresRangeChooser\">\n    <div id=\"hotresArrivalWrap\"><\/div>\n    <div id=\"hotresDepartureWrap\"><\/div>\n<\/div>\n<div class=\"hotresAdultsChooser\" id=\"hotresAdultsChooser\"><select name=\"adults\" id=\"hotresAdultsSelect\"><\/select><\/div>\n<div class=\"hotresSubmit\"><button id=\"hotresButtonChooser\"><\/button><\/div>\n<\/form>\n<script>\nwindow.addEventListener('load', (event) => { new hotresChooser({'maxAdults':10});});\n<\/script>\t\t<\/div>\n\t\t\t\t<\/div>\n\t\t\t\t<div class=\"elementor-element elementor-element-054297f elementor-widget elementor-widget-spacer\" data-id=\"054297f\" data-element_type=\"widget\" data-widget_type=\"spacer.default\">\n\t\t\t\t<div class=\"elementor-widget-container\">\n\t\t\t\t\t<div class=\"elementor-spacer\">\n\t\t\t<div class=\"elementor-spacer-inner\"><\/div>\n\t\t<\/div>\n\t\t\t\t<\/div>\n\t\t\t\t<\/div>\n\t\t\t\t\t<\/div>\n\t\t\t\t<\/div>\n\t\t\t\t<\/div>\n\t\t","protected":false},"excerpt":{"rendered":"<p>Zatrzymaj si\u0119 na chwil\u0119 i poznaj Apartament Szcz\u0119\u015bliwa 13-tka \u00a0\u00a0 Apartament Szcz\u0119\u015bliwa 13-tka jest dost\u0119pny dla 1 \u2013 4 Go\u015bci. 13-tka powszechnie uwa\u017cana za nieszcz\u0119\u015bliw\u0105 liczb\u0119 . Nie u nas! Idealna baza noclegowa dla par naromantyczne wyjazdy. Z pewno\u015bci\u0105 docenisz przestronn\u0105 przestrze\u0144 z bezpo\u015brednim wyj\u015bciem do naszegoogrodu, z kt\u00f3rego rozci\u0105ga si\u0119 widok na ca\u0142e Tatry. [&hellip;]<\/p>\n","protected":false},"author":1,"featured_media":0,"parent":0,"menu_order":0,"comment_status":"closed","ping_status":"closed","template":"page-templates\/template-default.php","meta":{"_monsterinsights_skip_tracking":false,"_monsterinsights_sitenote_active":false,"_monsterinsights_sitenote_note":"","_monsterinsights_sitenote_category":0,"footnotes":""},"class_list":["post-6533","page","type-page","status-publish","hentry"],"aioseo_notices":[],"_links":{"self":[{"href":"https:\/\/wubocy.pl\/index.php\/wp-json\/wp\/v2\/pages\/6533","targetHints":{"allow":["GET"]}}],"collection":[{"href":"https:\/\/wubocy.pl\/index.php\/wp-json\/wp\/v2\/pages"}],"about":[{"href":"https:\/\/wubocy.pl\/index.php\/wp-json\/wp\/v2\/types\/page"}],"author":[{"embeddable":true,"href":"https:\/\/wubocy.pl\/index.php\/wp-json\/wp\/v2\/users\/1"}],"replies":[{"embeddable":true,"href":"https:\/\/wubocy.pl\/index.php\/wp-json\/wp\/v2\/comments?post=6533"}],"version-history":[{"count":18,"href":"https:\/\/wubocy.pl\/index.php\/wp-json\/wp\/v2\/pages\/6533\/revisions"}],"predecessor-version":[{"id":7223,"href":"https:\/\/wubocy.pl\/index.php\/wp-json\/wp\/v2\/pages\/6533\/revisions\/7223"}],"wp:attachment":[{"href":"https:\/\/wubocy.pl\/index.php\/wp-json\/wp\/v2\/media?parent=6533"}],"curies":[{"name":"wp","href":"https:\/\/api.w.org\/{rel}","templated":true}]}}